{"id":44,"date":"2020-05-14T22:54:44","date_gmt":"2020-05-15T02:54:44","guid":{"rendered":"https:\/\/vision.cp03.id-3.net\/broker-details\/"},"modified":"2020-07-28T15:37:00","modified_gmt":"2020-07-28T19:37:00","slug":"broker-details","status":"publish","type":"page","link":"https:\/\/vision.c21.ca\/broker-details\/","title":{"rendered":"Broker details"},"content":{"rendered":"\t\t<div data-elementor-type=\"wp-page\" data-elementor-id=\"44\" class=\"elementor elementor-44\" data-elementor-settings=\"[]\">\n\t\t\t\t\t\t<div class=\"elementor-inner\">\n\t\t\t\t\t\t\t<div class=\"elementor-section-wrap\">\n\t\t\t\t\t\t\t<section class=\"elementor-section elementor-top-section elementor-element elementor-element-3b7f4e98 elementor-section-boxed elementor-section-height-default elementor-section-height-default\" data-id=\"3b7f4e98\" data-element_type=\"section\" data-settings=\"{&quot;background_background&quot;:&quot;classic&quot;}\">\n\t\t\t\t\t\t<div class=\"elementor-container elementor-column-gap-no\">\n\t\t\t\t\t\t\t<div class=\"elementor-row\">\n\t\t\t\t\t<div class=\"elementor-column elementor-col-100 elementor-top-column elementor-element elementor-element-76a8556a\" data-id=\"76a8556a\" data-element_type=\"column\">\n\t\t\t<div class=\"elementor-column-wrap elementor-element-populated\">\n\t\t\t\t\t\t\t<div class=\"elementor-widget-wrap\">\n\t\t\t\t\t\t<div class=\"elementor-element elementor-element-68affad elementor-invisible elementor-widget elementor-widget-heading\" data-id=\"68affad\" data-element_type=\"widget\" data-settings=\"{&quot;_animation&quot;:&quot;bounceInDown&quot;}\" data-widget_type=\"heading.default\">\n\t\t\t\t<div class=\"elementor-widget-container\">\n\t\t\t<h1 class=\"elementor-heading-title elementor-size-default\">no model found<\/h1>\t\t<\/div>\n\t\t\t\t<\/div>\n\t\t\t\t<div class=\"elementor-element elementor-element-ede9e78 elementor-widget-divider--view-line elementor-invisible elementor-widget elementor-widget-global elementor-global-862 elementor-widget-divider\" data-id=\"ede9e78\" data-element_type=\"widget\" data-settings=\"{&quot;_animation&quot;:&quot;slideInRight&quot;}\" data-widget_type=\"divider.default\">\n\t\t\t\t<div class=\"elementor-widget-container\">\n\t\t\t\t\t<div class=\"elementor-divider\">\n\t\t\t<span class=\"elementor-divider-separator\">\n\t\t\t\t\t\t<\/span>\n\t\t<\/div>\n\t\t\t\t<\/div>\n\t\t\t\t<\/div>\n\t\t\t\t<div class=\"elementor-element elementor-element-49f063f2 elementor-invisible elementor-widget elementor-widget-text-editor\" data-id=\"49f063f2\" data-element_type=\"widget\" data-settings=\"{&quot;_animation&quot;:&quot;fadeInUp&quot;}\" data-widget_type=\"text-editor.default\">\n\t\t\t\t<div class=\"elementor-widget-container\">\n\t\t\t\t\t\t\t\t<div class=\"elementor-text-editor elementor-clearfix\">\n\t\t\t\t\tno model found\t\t\t\t\t<\/div>\n\t\t\t\t\t\t<\/div>\n\t\t\t\t<\/div>\n\t\t\t\t\t\t<\/div>\n\t\t\t\t\t<\/div>\n\t\t<\/div>\n\t\t\t\t\t\t\t\t<\/div>\n\t\t\t\t\t<\/div>\n\t\t<\/section>\n\t\t\t\t<section class=\"elementor-section elementor-top-section elementor-element elementor-element-5ec427e5 elementor-section-boxed elementor-section-height-default elementor-section-height-default\" data-id=\"5ec427e5\" data-element_type=\"section\" ng-controller=\"singleBrokerCtrl\" ng-init=\"init(&#039;&#039;,true,&#039;Chargement du courtier&#039;)\" ng-class=\"&#039;si si-single broker-single&#039;\" style=\"display:none;\">\n\t\t\t\t\t\t<div class=\"elementor-container elementor-column-gap-default\">\n\t\t\t\t\t\t\t<div class=\"elementor-row\">\n\t\t\t\t\t<div class=\"elementor-column elementor-col-100 elementor-top-column elementor-element elementor-element-265d95c9\" data-id=\"265d95c9\" data-element_type=\"column\">\n\t\t\t<div class=\"elementor-column-wrap elementor-element-populated\">\n\t\t\t\t\t\t\t<div class=\"elementor-widget-wrap\">\n\t\t\t\t\t\t<section class=\"elementor-section elementor-inner-section elementor-element elementor-element-9bc74a7 elementor-section-boxed elementor-section-height-default elementor-section-height-default\" data-id=\"9bc74a7\" data-element_type=\"section\">\n\t\t\t\t\t\t<div class=\"elementor-container elementor-column-gap-default\">\n\t\t\t\t\t\t\t<div class=\"elementor-row\">\n\t\t\t\t\t<div class=\"elementor-column elementor-col-33 elementor-inner-column elementor-element elementor-element-8c51cb9\" data-id=\"8c51cb9\" data-element_type=\"column\">\n\t\t\t<div class=\"elementor-column-wrap elementor-element-populated\">\n\t\t\t\t\t\t\t<div class=\"elementor-widget-wrap\">\n\t\t\t\t\t\t<div class=\"elementor-element elementor-element-eef1077 elementor-widget elementor-widget-si_single_part\" data-id=\"eef1077\" data-element_type=\"widget\" data-widget_type=\"si_single_part.default\">\n\t\t\t\t<div class=\"elementor-widget-container\">\n\t\t\t<div class=\"si-part  -tablet -phone si-part-picture si-part si-part-picture \" ><div class=\"picture\">\r\n        <img src=\"{{model.photo.url}}\" \/>\r\n    <\/div><\/div>\t\t<\/div>\n\t\t\t\t<\/div>\n\t\t\t\t\t\t<\/div>\n\t\t\t\t\t<\/div>\n\t\t<\/div>\n\t\t\t\t<div class=\"elementor-column elementor-col-33 elementor-inner-column elementor-element elementor-element-dc27a4b\" data-id=\"dc27a4b\" data-element_type=\"column\">\n\t\t\t<div class=\"elementor-column-wrap elementor-element-populated\">\n\t\t\t\t\t\t\t<div class=\"elementor-widget-wrap\">\n\t\t\t\t\t\t<div class=\"elementor-element elementor-element-cf38095 elementor-widget__width-inherit elementor-widget-tablet__width-inherit elementor-widget elementor-widget-si_single_part\" data-id=\"cf38095\" data-element_type=\"widget\" data-widget_type=\"si_single_part.default\">\n\t\t\t\t<div class=\"elementor-widget-container\">\n\t\t\t<div class=\"si-part  -tablet -phone si-part-contact si-part si-part-contact  si-allowed-elementor-typography\" ><div class=\"si-detail-section contact\">\r\n    <div class=\"phone-list si-apply-typography\">\r\n        <div class=\"item\" data-ng-repeat=\"(key,phone) in model.phones\">\r\n            <i class=\"fal fa-fw fa-{{getPhoneIcon(key)}}\"><\/i> {{phone}}\r\n        <\/div>\r\n    <\/div>\r\n    \r\n    <div class=\"actions\">\r\n        <div class=\"si-part align-stretch si-part-info-request si-prevent-typography\" ><div class=\"si-part align-stretch si-part-info-request-button \" ><button type=\"button\" \r\n    class=\"button si-modal-trigger\" ng-disabled=\"request_sent === true\"\r\n    data-target=\"information_request\"> \r\n    <span ng-show=\"request_sent == undefined\"><i class=\"fal fa-envelope\"><\/i> Envoyer un message<\/span>\r\n    <span ng-show=\"request_sent === true\">Merci<\/span>\r\n<\/button><\/div>\r\n<div class=\"si-part align-stretch si-part-info-request-modal \" >\r\n<si-modal \r\n    data-modal-id=\"information_request\" \r\n    data-modal-title=\"{{'Message for {0}'.translate().format(model.first_name)}}\"\r\n    data-ok-label=\"Send\"\r\n        data-on-ok=\"sendMessage()\"\r\n    data-on-validate=\"validateMessage($model)\">\r\n    \r\n    <div class=\"si-part align-stretch si-part-info-request-form \" >\r\n<div class=\"info-request form basic\">\r\n        <form name=\"requestForm\">\r\n        <div class=\"firstname input-container\">\r\n            <label>Pr\u00e9nom<\/label>\r\n            <div class=\"input\">\r\n                <input type=\"text\" data-ng-model=\"message_model.firstname\" required \/>\r\n            <\/div>\r\n        <\/div>\r\n\r\n        <div class=\"lastname input-container\">\r\n            <label>Nom de famille<\/label>\r\n            <div class=\"input\" >\r\n                <input type=\"text\" data-ng-model=\"message_model.lastname\" required \/>\r\n            <\/div>\r\n        <\/div>\r\n\r\n        <div class=\"phone input-container\">\r\n            <label>T\u00e9l\u00e9phone<\/label>\r\n            <div class=\"input\">\r\n                <input type=\"text\" data-ng-model=\"message_model.phone\" required \/>\r\n            <\/div>\r\n        <\/div>\r\n\r\n        <div class=\"email input-container\">\r\n            <label>Courriel<\/label>\r\n            <div class=\"input\">\r\n                <input type=\"text\" data-ng-model=\"message_model.email\" required \/>\r\n            <\/div>\r\n        <\/div>\r\n\r\n        <div class=\"subject input-container\">\r\n            <label>Sujet<\/label>\r\n            <div class=\"input\">\r\n                <input type=\"text\" data-ng-model=\"message_model.subject\" required \/>\r\n            <\/div>\r\n        <\/div>\r\n\r\n        <div class=\"message input-container\">\r\n            <label>Message<\/label>\r\n            <div class=\"input\">\r\n                <textarea rows=\"5\" data-ng-model=\"message_model.message\"><\/textarea>\r\n            <\/div>\r\n        <\/div>\r\n    <\/form>\r\n    <\/div><\/div>    \r\n<\/si-modal><\/div><\/div>    <\/div>\r\n<\/div><\/div>\t\t<\/div>\n\t\t\t\t<\/div>\n\t\t\t\t<div class=\"elementor-element elementor-element-a2f319c elementor-widget__width-inherit elementor-widget-tablet__width-inherit elementor-widget elementor-widget-si_single_part\" data-id=\"a2f319c\" data-element_type=\"widget\" data-widget_type=\"si_single_part.default\">\n\t\t\t\t<div class=\"elementor-widget-container\">\n\t\t\t<div class=\"si-part align-center-start -tablet -phone si-part-office si-part si-part-office align-center-start\" ><div class=\"si-detail-section office\">\r\n    <h3>{{'Office'.translate()}}<\/h3>\r\n    <div class=\"item-content\">\r\n        <div class=\"name notranslate\"><a href=\"{{model.office.permalink}}\">{{model.office.agency.name}}<\/a><\/div>\r\n        <div class=\"license\">{{model.office.license}}<\/div>\r\n\r\n        <div class=\"location\">\r\n            <div class=\"icon\"><i class=\"fal fa-map-marker-alt\"><\/i><\/div>\r\n            <div class=\"address\">{{model.office.location.address.street_number}} {{model.office.location.address.street_name}}, {{model.office.location.city}}<\/div>\r\n            <div class=\"country\">{{model.office.location.state}}, {{model.office.location.country}}<\/div>\r\n        <\/div>\r\n        \r\n    <\/div>\r\n<\/div><\/div>\t\t<\/div>\n\t\t\t\t<\/div>\n\t\t\t\t<div class=\"elementor-element elementor-element-4bfd800 si-background-small-contrast si-container-padding elementor-hidden-desktop elementor-widget elementor-widget-si_single_part\" data-id=\"4bfd800\" data-element_type=\"widget\" data-widget_type=\"si_single_part.default\">\n\t\t\t\t<div class=\"elementor-widget-container\">\n\t\t\t<div class=\"si-part  -tablet -phone si-part-specs si-part si-part-specs \" ><div class=\"si-detail-section specs\" ng-if=\"[model.languages,model.experience_start_date] | siHasValue\">\r\n\r\n        <div class=\"si-extra-item\" ng-if=\"model.languages | siHasValue\">\r\n            <label>Langue(s) parl\u00e9e(s)<\/label>\r\n            <div class=\"si-value {{model.languages.length > 1 ? 'si-multiple' : ''}}\">\r\n                <span ng-repeat=\"lang in model.languages\">{{lang | captionOf  : 'language'}}<\/span>\r\n            <\/div>\r\n        <\/div>\r\n\r\n        <div class=\"si-extra-item\" ng-if=\"model.experience_start_date | siHasValue\">\r\n            <label>Exp\u00e9rience<\/label>\r\n            <div class=\"si-value\">\r\n                <span>{{model.experience_start_date | timeLength}}<\/span>\r\n            <\/div>\r\n        <\/div>\r\n\r\n        <div class=\"si-extra-item protections\" ng-if=\"model.protection_codes | siHasValue\">\r\n            <label>Protections<\/label>\r\n            <div class=\"si-value .{{model.protection_codes.join(' .').toLowerCase()}}\">\r\n                <span ng-repeat=\"protection in model.protection_codes\" class=\"{{protection.toLowerCase()}}\">\r\n                    <span>{{protection | captionOf : 'protection'}}<\/span>\r\n                <\/span>\r\n            <\/div>\r\n        <\/div>\r\n    \r\n<\/div><\/div>\t\t<\/div>\n\t\t\t\t<\/div>\n\t\t\t\t\t\t<\/div>\n\t\t\t\t\t<\/div>\n\t\t<\/div>\n\t\t\t\t<div class=\"elementor-column elementor-col-33 elementor-inner-column elementor-element elementor-element-c1d764f elementor-hidden-tablet elementor-hidden-phone\" data-id=\"c1d764f\" data-element_type=\"column\">\n\t\t\t<div class=\"elementor-column-wrap elementor-element-populated\">\n\t\t\t\t\t\t\t<div class=\"elementor-widget-wrap\">\n\t\t\t\t\t\t<div class=\"elementor-element elementor-element-1f745f4 si-background-small-contrast si-container-padding elementor-widget elementor-widget-si_single_part\" data-id=\"1f745f4\" data-element_type=\"widget\" data-widget_type=\"si_single_part.default\">\n\t\t\t\t<div class=\"elementor-widget-container\">\n\t\t\t<div class=\"si-part  -tablet -phone si-part-specs si-part si-part-specs \" ><div class=\"si-detail-section specs\" ng-if=\"[model.languages,model.experience_start_date] | siHasValue\">\r\n\r\n        <div class=\"si-extra-item\" ng-if=\"model.languages | siHasValue\">\r\n            <label>Langue(s) parl\u00e9e(s)<\/label>\r\n            <div class=\"si-value {{model.languages.length > 1 ? 'si-multiple' : ''}}\">\r\n                <span ng-repeat=\"lang in model.languages\">{{lang | captionOf  : 'language'}}<\/span>\r\n            <\/div>\r\n        <\/div>\r\n\r\n        <div class=\"si-extra-item\" ng-if=\"model.experience_start_date | siHasValue\">\r\n            <label>Exp\u00e9rience<\/label>\r\n            <div class=\"si-value\">\r\n                <span>{{model.experience_start_date | timeLength}}<\/span>\r\n            <\/div>\r\n        <\/div>\r\n\r\n        <div class=\"si-extra-item protections\" ng-if=\"model.protection_codes | siHasValue\">\r\n            <label>Protections<\/label>\r\n            <div class=\"si-value .{{model.protection_codes.join(' .').toLowerCase()}}\">\r\n                <span ng-repeat=\"protection in model.protection_codes\" class=\"{{protection.toLowerCase()}}\">\r\n                    <span>{{protection | captionOf : 'protection'}}<\/span>\r\n                <\/span>\r\n            <\/div>\r\n        <\/div>\r\n    \r\n<\/div><\/div>\t\t<\/div>\n\t\t\t\t<\/div>\n\t\t\t\t\t\t<\/div>\n\t\t\t\t\t<\/div>\n\t\t<\/div>\n\t\t\t\t\t\t\t\t<\/div>\n\t\t\t\t\t<\/div>\n\t\t<\/section>\n\t\t\t\t<section class=\"elementor-section elementor-inner-section elementor-element elementor-element-5f6e9e6 elementor-section-boxed elementor-section-height-default elementor-section-height-default\" data-id=\"5f6e9e6\" data-element_type=\"section\">\n\t\t\t\t\t\t<div class=\"elementor-container elementor-column-gap-default\">\n\t\t\t\t\t\t\t<div class=\"elementor-row\">\n\t\t\t\t\t<div class=\"elementor-column elementor-col-100 elementor-inner-column elementor-element elementor-element-360a079\" data-id=\"360a079\" data-element_type=\"column\">\n\t\t\t<div class=\"elementor-column-wrap elementor-element-populated\">\n\t\t\t\t\t\t\t<div class=\"elementor-widget-wrap\">\n\t\t\t\t\t\t<div class=\"elementor-element elementor-element-b5014dd elementor-widget elementor-widget-si_single_part\" data-id=\"b5014dd\" data-element_type=\"widget\" data-widget_type=\"si_single_part.default\">\n\t\t\t\t<div class=\"elementor-widget-container\">\n\t\t\t<div class=\"si-part  -tablet -phone si-part-listings si-part si-part-listings \" >        \r\n        <si-small-list class=\"listing-list si-list-of-listings\"\r\n                si-options='{show_header:true,filter:{max_item_count:0,sort_fields:\"\"}}'\r\n                si-type=\"listings\" si-filters=\"{field:'brokers_ref_numbers', operator : 'array_contains', value: ''}\" ><\/si-small-list>\r\n        <script type=\"text\/ng-template\" id=\"si-template-for-listings\"><article class=\"si-item si-listing-item  si-single-layer-item-layout style-standard  {{getClassList(item)}}\"  \r\n    data-ng-cloak>\r\n    <a href=\"{{item.permalink}}\">\r\n        <div class=\"item-content\">\r\n            <div class=\"image si-lazy-loading\"><img data-si-src=\"{{item.photo_url}}\"  data-si-srcset=\"{{item.photo_url}}\" \/><\/div>\r\n            <div class=\"si-data-label si-background-high-contrast civic-address\" >{{item.location.civic_address}}&nbsp;<\/div>\r\n            <div class=\"si-data-label si-background-high-contrast city\" >{{item.location.city}}<\/div>\r\n            <div class=\"si-data-label si-background-medium-contrast price\" >{{formatPrice(item)}}<\/div>\r\n            <div class=\"si-data-label category\">{{item.category }}<\/div>\r\n            <div class=\"si-data-label subcategory\" >{{item.subcategory}}<\/div>\r\n            <div class=\"flags\">\r\n                <i class=\"video far fa-video\"><\/i>\r\n                <i class=\"virtual-tour far fa-vr-cardboard\"><\/i>\r\n            <\/div>\r\n            <div class=\"si-data-label rooms\" >\r\n                <div class=\"room {{icon}}\" ng-repeat=\"(icon,room) in item.rooms\"><i class=\"icon fal fa-fw fa-{{icon}}\"><\/i> <span class=\"count\">{{room.count}}<\/span> <span class=\"label\">{{room.label}}<\/span><\/div>\r\n            <\/div>\r\n            <div class=\"si-data-label open-houses\">\r\n                <div class=\"open-house-item\">\r\n                    <i class=\"fal fa-calendar-alt\"><\/i> <span>{{'Open house'.translate()}}<\/span> <span data-am-time-ago=\"item.open_houses[0].start_date\"><\/span>\r\n                <\/div>\r\n            <\/div>\r\n        <\/div>\r\n    <\/a>\r\n<\/article><\/script><\/div>\t\t<\/div>\n\t\t\t\t<\/div>\n\t\t\t\t\t\t<\/div>\n\t\t\t\t\t<\/div>\n\t\t<\/div>\n\t\t\t\t\t\t\t\t<\/div>\n\t\t\t\t\t<\/div>\n\t\t<\/section>\n\t\t\t\t\t\t<\/div>\n\t\t\t\t\t<\/div>\n\t\t<\/div>\n\t\t\t\t\t\t\t\t<\/div>\n\t\t\t\t\t<\/div>\n\t\t<\/section>\n\t\t\t\t\t\t<\/div>\n\t\t\t\t\t\t<\/div>\n\t\t\t\t\t<\/div>\n\t\t","protected":false},"excerpt":{"rendered":"<p>Lorem ipsum dolor sit amet, consectetur adipiscing elit. Single item part picture Pour joindre John (514) 555-9283 (514) 555-2611 Envoyer un message Merci Single item part contact Bureau Smallville 230 rue Principale, Smallville State, Country Single item part office Langue(s) parl\u00e9e(s) Fran\u00e7ais Exp\u00e9rience 11 ans Single item part specs Langue(s) parl\u00e9e(s) Fran\u00e7ais Exp\u00e9rience 11 ans [&hellip;]<\/p>\n","protected":false},"author":1,"featured_media":0,"parent":0,"menu_order":0,"comment_status":"closed","ping_status":"closed","template":"elementor_header_footer","meta":[],"yoast_head":"<!-- This site is optimized with the Yoast SEO plugin v16.6 - https:\/\/yoast.com\/wordpress\/plugins\/seo\/ -->\n<title>Broker details - Century 21 Vision<\/title>\n<meta name=\"robots\" content=\"index, follow, max-snippet:-1, max-image-preview:large, max-video-preview:-1\" \/>\n<link rel=\"canonical\" href=\"https:\/\/vision.c21.ca\/fr\/broker-details\/\" \/>\n<meta property=\"og:locale\" content=\"fr_FR\" \/>\n<meta property=\"og:type\" content=\"article\" \/>\n<meta property=\"og:title\" content=\"Broker details - Century 21 Vision\" \/>\n<meta property=\"og:description\" content=\"Lorem ipsum dolor sit amet, consectetur adipiscing elit. Single item part picture Pour joindre John (514) 555-9283 (514) 555-2611 Envoyer un message Merci Single item part contact Bureau Smallville 230 rue Principale, Smallville State, Country Single item part office Langue(s) parl\u00e9e(s) Fran\u00e7ais Exp\u00e9rience 11 ans Single item part specs Langue(s) parl\u00e9e(s) Fran\u00e7ais Exp\u00e9rience 11 ans [&hellip;]\" \/>\n<meta property=\"og:url\" content=\"https:\/\/vision.c21.ca\/broker-details\/\" \/>\n<meta property=\"og:site_name\" content=\"Century 21 Vision\" \/>\n<meta property=\"article:modified_time\" content=\"2020-07-28T19:37:00+00:00\" \/>\n<meta property=\"og:image\" content=\"https:\/\/vision.c21.ca\/wp-content\/plugins\/Source-Immo-Wordpress-Plugin-dev\/\/modules\/elementor\/assets\/images\/broker-1.jpg\" \/>\n<meta name=\"twitter:card\" content=\"summary_large_image\" \/>\n<meta name=\"twitter:label1\" content=\"Dur\u00e9e de lecture est.\" \/>\n\t<meta name=\"twitter:data1\" content=\"1 minute\" \/>\n<script type=\"application\/ld+json\" class=\"yoast-schema-graph\">{\"@context\":\"https:\/\/schema.org\",\"@graph\":[{\"@type\":\"WebSite\",\"@id\":\"https:\/\/vision.c21.ca\/#website\",\"url\":\"https:\/\/vision.c21.ca\/\",\"name\":\"Century 21 Vision\",\"description\":\"\",\"potentialAction\":[{\"@type\":\"SearchAction\",\"target\":{\"@type\":\"EntryPoint\",\"urlTemplate\":\"https:\/\/vision.c21.ca\/?s={search_term_string}\"},\"query-input\":\"required name=search_term_string\"}],\"inLanguage\":\"fr-FR\"},{\"@type\":\"ImageObject\",\"@id\":\"https:\/\/vision.c21.ca\/broker-details\/#primaryimage\",\"inLanguage\":\"fr-FR\",\"url\":\"\/wp-content\/plugins\/Source-Immo-Wordpress-Plugin-dev\/\/modules\/elementor\/assets\/images\/broker-1.jpg\",\"contentUrl\":\"\/wp-content\/plugins\/Source-Immo-Wordpress-Plugin-dev\/\/modules\/elementor\/assets\/images\/broker-1.jpg\"},{\"@type\":\"WebPage\",\"@id\":\"https:\/\/vision.c21.ca\/broker-details\/#webpage\",\"url\":\"https:\/\/vision.c21.ca\/broker-details\/\",\"name\":\"Broker details - Century 21 Vision\",\"isPartOf\":{\"@id\":\"https:\/\/vision.c21.ca\/#website\"},\"primaryImageOfPage\":{\"@id\":\"https:\/\/vision.c21.ca\/broker-details\/#primaryimage\"},\"datePublished\":\"2020-05-15T02:54:44+00:00\",\"dateModified\":\"2020-07-28T19:37:00+00:00\",\"breadcrumb\":{\"@id\":\"https:\/\/vision.c21.ca\/broker-details\/#breadcrumb\"},\"inLanguage\":\"fr-FR\",\"potentialAction\":[{\"@type\":\"ReadAction\",\"target\":[\"https:\/\/vision.c21.ca\/broker-details\/\"]}]},{\"@type\":\"BreadcrumbList\",\"@id\":\"https:\/\/vision.c21.ca\/broker-details\/#breadcrumb\",\"itemListElement\":[{\"@type\":\"ListItem\",\"position\":1,\"name\":\"Home\",\"item\":\"https:\/\/vision.c21.ca\/fr\/\"},{\"@type\":\"ListItem\",\"position\":2,\"name\":\"Broker details\"}]}]}<\/script>\n<!-- \/ Yoast SEO plugin. -->","_links":{"self":[{"href":"https:\/\/vision.c21.ca\/fr\/wp-json\/wp\/v2\/pages\/44"}],"collection":[{"href":"https:\/\/vision.c21.ca\/fr\/wp-json\/wp\/v2\/pages"}],"about":[{"href":"https:\/\/vision.c21.ca\/fr\/wp-json\/wp\/v2\/types\/page"}],"author":[{"embeddable":true,"href":"https:\/\/vision.c21.ca\/fr\/wp-json\/wp\/v2\/users\/1"}],"replies":[{"embeddable":true,"href":"https:\/\/vision.c21.ca\/fr\/wp-json\/wp\/v2\/comments?post=44"}],"version-history":[{"count":64,"href":"https:\/\/vision.c21.ca\/fr\/wp-json\/wp\/v2\/pages\/44\/revisions"}],"predecessor-version":[{"id":1509,"href":"https:\/\/vision.c21.ca\/fr\/wp-json\/wp\/v2\/pages\/44\/revisions\/1509"}],"wp:attachment":[{"href":"https:\/\/vision.c21.ca\/fr\/wp-json\/wp\/v2\/media?parent=44"}],"curies":[{"name":"wp","href":"https:\/\/api.w.org\/{rel}","templated":true}]}}