{"id":1182,"date":"2020-06-16T13:12:20","date_gmt":"2020-06-16T17:12:20","guid":{"rendered":"https:\/\/vision.cp03.id-3.net\/?page_id=1182"},"modified":"2020-07-29T09:51:01","modified_gmt":"2020-07-29T13:51:01","slug":"acheteurs","status":"publish","type":"page","link":"https:\/\/vision.c21.ca\/fr\/acheteurs\/","title":{"rendered":"Acheteurs"},"content":{"rendered":"\t\t<div data-elementor-type=\"wp-page\" data-elementor-id=\"1182\" class=\"elementor elementor-1182 elementor-1091\" data-elementor-settings=\"[]\">\n\t\t\t\t\t\t<div class=\"elementor-inner\">\n\t\t\t\t\t\t\t<div class=\"elementor-section-wrap\">\n\t\t\t\t\t\t\t<section class=\"elementor-section elementor-top-section elementor-element elementor-element-20a4f9bb elementor-section-boxed elementor-section-height-default elementor-section-height-default\" data-id=\"20a4f9bb\" data-element_type=\"section\" data-settings=\"{&quot;background_background&quot;:&quot;classic&quot;}\">\n\t\t\t\t\t\t<div class=\"elementor-container elementor-column-gap-no\">\n\t\t\t\t\t\t\t<div class=\"elementor-row\">\n\t\t\t\t\t<div class=\"elementor-column elementor-col-100 elementor-top-column elementor-element elementor-element-5d5d97f9\" data-id=\"5d5d97f9\" data-element_type=\"column\">\n\t\t\t<div class=\"elementor-column-wrap elementor-element-populated\">\n\t\t\t\t\t\t\t<div class=\"elementor-widget-wrap\">\n\t\t\t\t\t\t<div class=\"elementor-element elementor-element-10a3cc4 elementor-widget-divider--view-line elementor-invisible elementor-widget elementor-widget-global elementor-global-862 elementor-widget-divider\" data-id=\"10a3cc4\" data-element_type=\"widget\" data-settings=\"{&quot;_animation&quot;:&quot;slideInRight&quot;}\" data-widget_type=\"divider.default\">\n\t\t\t\t<div class=\"elementor-widget-container\">\n\t\t\t\t\t<div class=\"elementor-divider\">\n\t\t\t<span class=\"elementor-divider-separator\">\n\t\t\t\t\t\t<\/span>\n\t\t<\/div>\n\t\t\t\t<\/div>\n\t\t\t\t<\/div>\n\t\t\t\t<div class=\"elementor-element elementor-element-1725c4cf elementor-invisible elementor-widget elementor-widget-text-editor\" data-id=\"1725c4cf\" data-element_type=\"widget\" data-settings=\"{&quot;_animation&quot;:&quot;fadeInUp&quot;}\" data-widget_type=\"text-editor.default\">\n\t\t\t\t<div class=\"elementor-widget-container\">\n\t\t\t\t\t\t\t\t<div class=\"elementor-text-editor elementor-clearfix\">\n\t\t\t\t\t<p>Nous vous accompagnons \u00e0 chaque \u00e9tape du processus.<\/p>\t\t\t\t\t<\/div>\n\t\t\t\t\t\t<\/div>\n\t\t\t\t<\/div>\n\t\t\t\t\t\t<\/div>\n\t\t\t\t\t<\/div>\n\t\t<\/div>\n\t\t\t\t\t\t\t\t<\/div>\n\t\t\t\t\t<\/div>\n\t\t<\/section>\n\t\t\t\t<section class=\"elementor-section elementor-top-section elementor-element elementor-element-d7c8845 elementor-reverse-mobile elementor-section-boxed elementor-section-height-default elementor-section-height-default\" data-id=\"d7c8845\" data-element_type=\"section\">\n\t\t\t\t\t\t<div class=\"elementor-container elementor-column-gap-extended\">\n\t\t\t\t\t\t\t<div class=\"elementor-row\">\n\t\t\t\t\t<div class=\"elementor-column elementor-col-50 elementor-top-column elementor-element elementor-element-482f894 elementor-invisible\" data-id=\"482f894\" data-element_type=\"column\" data-settings=\"{&quot;background_background&quot;:&quot;classic&quot;,&quot;animation&quot;:&quot;bounceInLeft&quot;}\">\n\t\t\t<div class=\"elementor-column-wrap elementor-element-populated\">\n\t\t\t\t\t\t\t<div class=\"elementor-widget-wrap\">\n\t\t\t\t\t\t<div class=\"elementor-element elementor-element-8320923 elementor-widget elementor-widget-heading\" data-id=\"8320923\" data-element_type=\"widget\" data-widget_type=\"heading.default\">\n\t\t\t\t<div class=\"elementor-widget-container\">\n\t\t\t<h2 class=\"elementor-heading-title elementor-size-default\">Laissez-nous vous guider<\/h2>\t\t<\/div>\n\t\t\t\t<\/div>\n\t\t\t\t<div class=\"elementor-element elementor-element-f7015af elementor-widget elementor-widget-text-editor\" data-id=\"f7015af\" data-element_type=\"widget\" data-widget_type=\"text-editor.default\">\n\t\t\t\t<div class=\"elementor-widget-container\">\n\t\t\t\t\t\t\t\t<div class=\"elementor-text-editor elementor-clearfix\">\n\t\t\t\t\t<p>Laissez vos coordonn\u00e9es ici pour que nous puissions vous aider \u00e0 trouver la propri\u00e9t\u00e9 de vos r\u00eaves.<\/p>\t\t\t\t\t<\/div>\n\t\t\t\t\t\t<\/div>\n\t\t\t\t<\/div>\n\t\t\t\t<div class=\"elementor-element elementor-element-a61ea4b elementor-widget elementor-widget-shortcode\" data-id=\"a61ea4b\" data-element_type=\"widget\" data-widget_type=\"shortcode.default\">\n\t\t\t\t<div class=\"elementor-widget-container\">\n\t\t\t\t\t<div class=\"elementor-shortcode\"><script type=\"text\/javascript\">var gform;gform||(document.addEventListener(\"gform_main_scripts_loaded\",function(){gform.scriptsLoaded=!0}),window.addEventListener(\"DOMContentLoaded\",function(){gform.domLoaded=!0}),gform={domLoaded:!1,scriptsLoaded:!1,initializeOnLoaded:function(o){gform.domLoaded&&gform.scriptsLoaded?o():!gform.domLoaded&&gform.scriptsLoaded?window.addEventListener(\"DOMContentLoaded\",o):document.addEventListener(\"gform_main_scripts_loaded\",o)},hooks:{action:{},filter:{}},addAction:function(o,n,r,t){gform.addHook(\"action\",o,n,r,t)},addFilter:function(o,n,r,t){gform.addHook(\"filter\",o,n,r,t)},doAction:function(o){gform.doHook(\"action\",o,arguments)},applyFilters:function(o){return gform.doHook(\"filter\",o,arguments)},removeAction:function(o,n){gform.removeHook(\"action\",o,n)},removeFilter:function(o,n,r){gform.removeHook(\"filter\",o,n,r)},addHook:function(o,n,r,t,i){null==gform.hooks[o][n]&&(gform.hooks[o][n]=[]);var e=gform.hooks[o][n];null==i&&(i=n+\"_\"+e.length),gform.hooks[o][n].push({tag:i,callable:r,priority:t=null==t?10:t})},doHook:function(n,o,r){var t;if(r=Array.prototype.slice.call(r,1),null!=gform.hooks[n][o]&&((o=gform.hooks[n][o]).sort(function(o,n){return o.priority-n.priority}),o.forEach(function(o){\"function\"!=typeof(t=o.callable)&&(t=window[t]),\"action\"==n?t.apply(null,r):r[0]=t.apply(null,r)})),\"filter\"==n)return r[0]},removeHook:function(o,n,t,i){var r;null!=gform.hooks[o][n]&&(r=(r=gform.hooks[o][n]).filter(function(o,n,r){return!!(null!=i&&i!=o.tag||null!=t&&t!=o.priority)}),gform.hooks[o][n]=r)}});<\/script>\n                <div class='gf_browser_gecko gform_wrapper gf-contact-form_wrapper gform_legacy_markup_wrapper' id='gform_wrapper_3' ><div id='gf_3' class='gform_anchor' tabindex='-1'><\/div><form method='post' enctype='multipart\/form-data' target='gform_ajax_frame_3' id='gform_3' class='gf-contact-form gform_legacy_markup' action='\/fr\/wp-json\/wp\/v2\/pages\/1182#gf_3' >\n                        <div class='gform_body gform-body'><ul id='gform_fields_3' class='gform_fields top_label form_sublabel_below description_below'><li id=\"field_3_1\" class=\"gfield gfield_contains_required field_sublabel_hidden_label field_description_below hidden_label gfield_visibility_visible\" ><label class='gfield_label gfield_label_before_complex'  >Nom<span class=\"gfield_required\"><span class=\"gfield_required gfield_required_asterisk\">*<\/span><\/span><\/label><div class='ginput_complex ginput_container no_prefix has_first_name no_middle_name has_last_name no_suffix gf_name_has_2 ginput_container_name' id='input_3_1'>\n                            \n                            <span id='input_3_1_3_container' class='name_first' >\n                                                    <input type='text' name='input_1.3' id='input_3_1_3' value=''   aria-required='true'   placeholder='Pr\u00e9nom'  \/>\n                                                    <label for='input_3_1_3' class='hidden_sub_label screen-reader-text'>Pr\u00e9nom<\/label>\n                                                <\/span>\n                            \n                            <span id='input_3_1_6_container' class='name_last' >\n                                                    <input type='text' name='input_1.6' id='input_3_1_6' value=''   aria-required='true'   placeholder='Nom de famille'  \/>\n                                                    <label for='input_3_1_6' class='hidden_sub_label screen-reader-text'>Nom<\/label>\n                                                <\/span>\n                            \n                        <\/div><\/li><li id=\"field_3_2\" class=\"gfield gfield_contains_required field_sublabel_below field_description_below hidden_label gfield_visibility_visible\" ><label class='gfield_label' for='input_3_2' >Courriel<span class=\"gfield_required\"><span class=\"gfield_required gfield_required_asterisk\">*<\/span><\/span><\/label><div class='ginput_container ginput_container_email'>\n                            <input name='input_2' id='input_3_2' type='text' value='' class='large'   placeholder='Courriel' aria-required=\"true\" aria-invalid=\"false\"  \/>\n                        <\/div><\/li><li id=\"field_3_5\" class=\"gfield gf_left_half field_sublabel_below field_description_below hidden_label gfield_visibility_visible\" ><label class='gfield_label' for='input_3_5' >T\u00e9l\u00e9phone<\/label><div class='ginput_container ginput_container_phone'><input name='input_5' id='input_3_5' type='text' value='' class='large'  placeholder='T\u00e9l\u00e9phone'  aria-invalid=\"false\"   \/><\/div><\/li><li id=\"field_3_4\" class=\"gfield gf_right_half field_sublabel_below field_description_below hidden_label gfield_visibility_visible\" ><label class='gfield_label' for='input_3_4' >Votre emplacement<\/label><div class='ginput_container ginput_container_text'><input name='input_4' id='input_3_4' type='text' value='' class='large'    placeholder='Votre emplacement'  aria-invalid=\"false\"   \/> <\/div><\/li><li id=\"field_3_3\" class=\"gfield field_sublabel_below field_description_below hidden_label gfield_visibility_visible\" ><label class='gfield_label' for='input_3_3' >Message<\/label><div class='ginput_container ginput_container_textarea'><textarea name='input_3' id='input_3_3' class='textarea small'    placeholder='Votre message'  aria-invalid=\"false\"   rows='10' cols='50'><\/textarea><\/div><\/li><li id=\"field_3_6\" class=\"gfield gform_validation_container field_sublabel_below field_description_below gfield_visibility_visible\" ><label class='gfield_label' for='input_3_6' >Phone<\/label><div class='ginput_container'><input name='input_6' id='input_3_6' type='text' value='' \/><\/div><div class='gfield_description' id='gfield_description_3_6'>Ce champ n\u2019est utilis\u00e9 qu\u2019\u00e0 des fins de validation et devrait rester inchang\u00e9.<\/div><\/li><\/ul><\/div>\n        <div class='gform_footer top_label'> <input type='submit' id='gform_submit_button_3' class='gform_button button' value='Soumettre'  onclick='if(window[\"gf_submitting_3\"]){return false;}  window[\"gf_submitting_3\"]=true;  ' onkeypress='if( event.keyCode == 13 ){ if(window[\"gf_submitting_3\"]){return false;} window[\"gf_submitting_3\"]=true;  jQuery(\"#gform_3\").trigger(\"submit\",[true]); }' \/> <input type='hidden' name='gform_ajax' value='form_id=3&amp;title=&amp;description=&amp;tabindex=0' \/>\n            <input type='hidden' class='gform_hidden' name='is_submit_3' value='1' \/>\n            <input type='hidden' class='gform_hidden' name='gform_submit' value='3' \/>\n            \n            <input type='hidden' class='gform_hidden' name='gform_unique_id' value='' \/>\n            <input type='hidden' class='gform_hidden' name='state_3' value='WyJbXSIsIjhmNWJiNzQyYTM5ZjA5OTdlMmUyNzg0ODY2ZDljNjE2Il0=' \/>\n            <input type='hidden' class='gform_hidden' name='gform_target_page_number_3' id='gform_target_page_number_3' value='0' \/>\n            <input type='hidden' class='gform_hidden' name='gform_source_page_number_3' id='gform_source_page_number_3' value='1' \/>\n            <input type='hidden' name='gform_field_values' value='' \/>\n            \n        <\/div>\n                        <\/form>\n                        <\/div>\n                <iframe style='display:none;width:0px;height:0px;' src='about:blank' name='gform_ajax_frame_3' id='gform_ajax_frame_3' title='Cette iframe contient la logique n\u00e9cessaire pour manipuler Gravity Forms avec Ajax.'><\/iframe>\n                <script type=\"text\/javascript\">\ngform.initializeOnLoaded( function() {gformInitSpinner( 3, 'https:\/\/vision.c21.ca\/wp-content\/plugins\/gravityforms\/images\/spinner.svg' );jQuery('#gform_ajax_frame_3').on('load',function(){var contents = jQuery(this).contents().find('*').html();var is_postback = contents.indexOf('GF_AJAX_POSTBACK') >= 0;if(!is_postback){return;}var form_content = jQuery(this).contents().find('#gform_wrapper_3');var is_confirmation = jQuery(this).contents().find('#gform_confirmation_wrapper_3').length > 0;var is_redirect = contents.indexOf('gformRedirect(){') >= 0;var is_form = form_content.length > 0 && ! is_redirect && ! is_confirmation;var mt = parseInt(jQuery('html').css('margin-top'), 10) + parseInt(jQuery('body').css('margin-top'), 10) + 100;if(is_form){jQuery('#gform_wrapper_3').html(form_content.html());if(form_content.hasClass('gform_validation_error')){jQuery('#gform_wrapper_3').addClass('gform_validation_error');} else {jQuery('#gform_wrapper_3').removeClass('gform_validation_error');}setTimeout( function() { \/* delay the scroll by 50 milliseconds to fix a bug in chrome *\/ jQuery(document).scrollTop(jQuery('#gform_wrapper_3').offset().top - mt); }, 50 );if(window['gformInitDatepicker']) {gformInitDatepicker();}if(window['gformInitPriceFields']) {gformInitPriceFields();}var current_page = jQuery('#gform_source_page_number_3').val();gformInitSpinner( 3, 'https:\/\/vision.c21.ca\/wp-content\/plugins\/gravityforms\/images\/spinner.svg' );jQuery(document).trigger('gform_page_loaded', [3, current_page]);window['gf_submitting_3'] = false;}else if(!is_redirect){var confirmation_content = jQuery(this).contents().find('.GF_AJAX_POSTBACK').html();if(!confirmation_content){confirmation_content = contents;}setTimeout(function(){jQuery('#gform_wrapper_3').replaceWith(confirmation_content);jQuery(document).scrollTop(jQuery('#gf_3').offset().top - mt);jQuery(document).trigger('gform_confirmation_loaded', [3]);window['gf_submitting_3'] = false;wp.a11y.speak(jQuery('#gform_confirmation_message_3').text());}, 50);}else{jQuery('#gform_3').append(contents);if(window['gformRedirect']) {gformRedirect();}}jQuery(document).trigger('gform_post_render', [3, current_page]);} );} );\n<\/script>\n<\/div>\n\t\t\t\t<\/div>\n\t\t\t\t<\/div>\n\t\t\t\t\t\t<\/div>\n\t\t\t\t\t<\/div>\n\t\t<\/div>\n\t\t\t\t<div class=\"elementor-column elementor-col-50 elementor-top-column elementor-element elementor-element-48676a0\" data-id=\"48676a0\" data-element_type=\"column\">\n\t\t\t<div class=\"elementor-column-wrap elementor-element-populated\">\n\t\t\t\t\t\t\t<div class=\"elementor-widget-wrap\">\n\t\t\t\t\t\t<div class=\"elementor-element elementor-element-d4e8b94 elementor-widget elementor-widget-text-editor\" data-id=\"d4e8b94\" data-element_type=\"widget\" data-widget_type=\"text-editor.default\">\n\t\t\t\t<div class=\"elementor-widget-container\">\n\t\t\t\t\t\t\t\t<div class=\"elementor-text-editor elementor-clearfix\">\n\t\t\t\t\t<h4>L\u2019achat d\u2019une maison est l\u2019une des transactions financi\u00e8res les plus importantes de la vie. Le processus d\u2019accession \u00e0 la propri\u00e9t\u00e9 comprend plusieurs enjeux.<\/h4><p>Les courtiers immobiliers de CENTURY 21 vont au-del\u00e0 de la transaction en vous pr\u00eatant main-forte \u00e0 toutes les \u00e9tapes du processus. Faites confiance \u00e0 l\u2019exp\u00e9rience des courtiers immobiliers de C21 pour trouver la propri\u00e9t\u00e9 de vos r\u00eaves. Pour de plus amples renseignements sur le service en or offert par les courtiers immobiliers de C21, nous sommes heureux de vous fournir le Guide d\u2019achat de propri\u00e9t\u00e9 de C21. Contactez-nous d\u00e8s aujourd&rsquo;hui!<\/p>\t\t\t\t\t<\/div>\n\t\t\t\t\t\t<\/div>\n\t\t\t\t<\/div>\n\t\t\t\t<div class=\"elementor-element elementor-element-1353466 elementor-widget elementor-widget-button\" data-id=\"1353466\" data-element_type=\"widget\" data-widget_type=\"button.default\">\n\t\t\t\t<div class=\"elementor-widget-container\">\n\t\t\t\t\t<div class=\"elementor-button-wrapper\">\n\t\t\t<a href=\"\/listings\/\" class=\"elementor-button-link elementor-button elementor-size-sm\" role=\"button\">\n\t\t\t\t\t\t<span class=\"elementor-button-content-wrapper\">\n\t\t\t\t\t\t<span class=\"elementor-button-text\">Consultez nos propri\u00e9t\u00e9s...<\/span>\n\t\t<\/span>\n\t\t\t\t\t<\/a>\n\t\t<\/div>\n\t\t\t\t<\/div>\n\t\t\t\t<\/div>\n\t\t\t\t\t\t<\/div>\n\t\t\t\t\t<\/div>\n\t\t<\/div>\n\t\t\t\t\t\t\t\t<\/div>\n\t\t\t\t\t<\/div>\n\t\t<\/section>\n\t\t\t\t\t\t<\/div>\n\t\t\t\t\t\t<\/div>\n\t\t\t\t\t<\/div>\n\t\t","protected":false},"excerpt":{"rendered":"<p>Nous vous accompagnons \u00e0 chaque \u00e9tape du processus. Laissez-nous vous guider Laissez vos coordonn\u00e9es ici pour que nous puissions vous aider \u00e0 trouver la propri\u00e9t\u00e9 de vos r\u00eaves. L\u2019achat d\u2019une maison est l\u2019une des transactions financi\u00e8res les plus importantes de la vie. Le processus d\u2019accession \u00e0 la propri\u00e9t\u00e9 comprend plusieurs enjeux. Les courtiers immobiliers de [&hellip;]<\/p>\n","protected":false},"author":1,"featured_media":0,"parent":0,"menu_order":0,"comment_status":"closed","ping_status":"closed","template":"elementor_header_footer","meta":[],"yoast_head":"<!-- This site is optimized with the Yoast SEO plugin v16.6 - https:\/\/yoast.com\/wordpress\/plugins\/seo\/ -->\n<title>Acheteurs - Century 21 Vision<\/title>\n<meta name=\"robots\" content=\"index, follow, max-snippet:-1, max-image-preview:large, max-video-preview:-1\" \/>\n<link rel=\"canonical\" href=\"https:\/\/vision.c21.ca\/fr\/acheteurs\/\" \/>\n<meta property=\"og:locale\" content=\"fr_FR\" \/>\n<meta property=\"og:type\" content=\"article\" \/>\n<meta property=\"og:title\" content=\"Acheteurs - Century 21 Vision\" \/>\n<meta property=\"og:description\" content=\"Nous vous accompagnons \u00e0 chaque \u00e9tape du processus. Laissez-nous vous guider Laissez vos coordonn\u00e9es ici pour que nous puissions vous aider \u00e0 trouver la propri\u00e9t\u00e9 de vos r\u00eaves. L\u2019achat d\u2019une maison est l\u2019une des transactions financi\u00e8res les plus importantes de la vie. Le processus d\u2019accession \u00e0 la propri\u00e9t\u00e9 comprend plusieurs enjeux. Les courtiers immobiliers de [&hellip;]\" \/>\n<meta property=\"og:url\" content=\"https:\/\/vision.c21.ca\/fr\/acheteurs\/\" \/>\n<meta property=\"og:site_name\" content=\"Century 21 Vision\" \/>\n<meta property=\"article:modified_time\" content=\"2020-07-29T13:51:01+00:00\" \/>\n<meta name=\"twitter:card\" content=\"summary_large_image\" \/>\n<meta name=\"twitter:label1\" content=\"Dur\u00e9e de lecture est.\" \/>\n\t<meta name=\"twitter:data1\" content=\"1 minute\" \/>\n<script type=\"application\/ld+json\" class=\"yoast-schema-graph\">{\"@context\":\"https:\/\/schema.org\",\"@graph\":[{\"@type\":\"WebSite\",\"@id\":\"https:\/\/vision.c21.ca\/#website\",\"url\":\"https:\/\/vision.c21.ca\/\",\"name\":\"Century 21 Vision\",\"description\":\"\",\"potentialAction\":[{\"@type\":\"SearchAction\",\"target\":{\"@type\":\"EntryPoint\",\"urlTemplate\":\"https:\/\/vision.c21.ca\/?s={search_term_string}\"},\"query-input\":\"required name=search_term_string\"}],\"inLanguage\":\"fr-FR\"},{\"@type\":\"WebPage\",\"@id\":\"https:\/\/vision.c21.ca\/fr\/acheteurs\/#webpage\",\"url\":\"https:\/\/vision.c21.ca\/fr\/acheteurs\/\",\"name\":\"Acheteurs - Century 21 Vision\",\"isPartOf\":{\"@id\":\"https:\/\/vision.c21.ca\/#website\"},\"datePublished\":\"2020-06-16T17:12:20+00:00\",\"dateModified\":\"2020-07-29T13:51:01+00:00\",\"breadcrumb\":{\"@id\":\"https:\/\/vision.c21.ca\/fr\/acheteurs\/#breadcrumb\"},\"inLanguage\":\"fr-FR\",\"potentialAction\":[{\"@type\":\"ReadAction\",\"target\":[\"https:\/\/vision.c21.ca\/fr\/acheteurs\/\"]}]},{\"@type\":\"BreadcrumbList\",\"@id\":\"https:\/\/vision.c21.ca\/fr\/acheteurs\/#breadcrumb\",\"itemListElement\":[{\"@type\":\"ListItem\",\"position\":1,\"name\":\"Home\",\"item\":\"https:\/\/vision.c21.ca\/fr\/\"},{\"@type\":\"ListItem\",\"position\":2,\"name\":\"Acheteurs\"}]}]}<\/script>\n<!-- \/ Yoast SEO plugin. -->","_links":{"self":[{"href":"https:\/\/vision.c21.ca\/fr\/wp-json\/wp\/v2\/pages\/1182"}],"collection":[{"href":"https:\/\/vision.c21.ca\/fr\/wp-json\/wp\/v2\/pages"}],"about":[{"href":"https:\/\/vision.c21.ca\/fr\/wp-json\/wp\/v2\/types\/page"}],"author":[{"embeddable":true,"href":"https:\/\/vision.c21.ca\/fr\/wp-json\/wp\/v2\/users\/1"}],"replies":[{"embeddable":true,"href":"https:\/\/vision.c21.ca\/fr\/wp-json\/wp\/v2\/comments?post=1182"}],"version-history":[{"count":8,"href":"https:\/\/vision.c21.ca\/fr\/wp-json\/wp\/v2\/pages\/1182\/revisions"}],"predecessor-version":[{"id":1520,"href":"https:\/\/vision.c21.ca\/fr\/wp-json\/wp\/v2\/pages\/1182\/revisions\/1520"}],"wp:attachment":[{"href":"https:\/\/vision.c21.ca\/fr\/wp-json\/wp\/v2\/media?parent=1182"}],"curies":[{"name":"wp","href":"https:\/\/api.w.org\/{rel}","templated":true}]}}