{"id":1039,"date":"2020-06-10T06:43:33","date_gmt":"2020-06-10T10:43:33","guid":{"rendered":"https:\/\/vision.cp03.id-3.net\/?page_id=1039"},"modified":"2020-07-29T10:04:23","modified_gmt":"2020-07-29T14:04:23","slug":"notre-equipe","status":"publish","type":"page","link":"https:\/\/vision.c21.ca\/fr\/notre-equipe\/","title":{"rendered":"Notre \u00e9quipe"},"content":{"rendered":"\t\t<div data-elementor-type=\"wp-page\" data-elementor-id=\"1039\" class=\"elementor elementor-1039 elementor-45\" data-elementor-settings=\"[]\">\n\t\t\t\t\t\t<div class=\"elementor-inner\">\n\t\t\t\t\t\t\t<div class=\"elementor-section-wrap\">\n\t\t\t\t\t\t\t<section class=\"elementor-section elementor-top-section elementor-element elementor-element-768246ac elementor-section-boxed elementor-section-height-default elementor-section-height-default\" data-id=\"768246ac\" data-element_type=\"section\" data-settings=\"{&quot;background_background&quot;:&quot;classic&quot;}\">\n\t\t\t\t\t\t<div class=\"elementor-container elementor-column-gap-no\">\n\t\t\t\t\t\t\t<div class=\"elementor-row\">\n\t\t\t\t\t<div class=\"elementor-column elementor-col-100 elementor-top-column elementor-element elementor-element-d07e7d0\" data-id=\"d07e7d0\" data-element_type=\"column\">\n\t\t\t<div class=\"elementor-column-wrap elementor-element-populated\">\n\t\t\t\t\t\t\t<div class=\"elementor-widget-wrap\">\n\t\t\t\t\t\t<div class=\"elementor-element elementor-element-9485d66 elementor-widget-divider--view-line elementor-invisible elementor-widget elementor-widget-global elementor-global-862 elementor-widget-divider\" data-id=\"9485d66\" data-element_type=\"widget\" data-settings=\"{&quot;_animation&quot;:&quot;slideInRight&quot;}\" data-widget_type=\"divider.default\">\n\t\t\t\t<div class=\"elementor-widget-container\">\n\t\t\t\t\t<div class=\"elementor-divider\">\n\t\t\t<span class=\"elementor-divider-separator\">\n\t\t\t\t\t\t<\/span>\n\t\t<\/div>\n\t\t\t\t<\/div>\n\t\t\t\t<\/div>\n\t\t\t\t<div class=\"elementor-element elementor-element-6404414d elementor-invisible elementor-widget elementor-widget-text-editor\" data-id=\"6404414d\" data-element_type=\"widget\" data-settings=\"{&quot;_animation&quot;:&quot;fadeInUp&quot;}\" data-widget_type=\"text-editor.default\">\n\t\t\t\t<div class=\"elementor-widget-container\">\n\t\t\t\t\t\t\t\t<div class=\"elementor-text-editor elementor-clearfix\">\n\t\t\t\t\t<p>Le bon courtier \u00e0 vos c\u00f4t\u00e9s<\/p>\t\t\t\t\t<\/div>\n\t\t\t\t\t\t<\/div>\n\t\t\t\t<\/div>\n\t\t\t\t\t\t<\/div>\n\t\t\t\t\t<\/div>\n\t\t<\/div>\n\t\t\t\t\t\t\t\t<\/div>\n\t\t\t\t\t<\/div>\n\t\t<\/section>\n\t\t\t\t<section class=\"elementor-section elementor-top-section elementor-element elementor-element-30335d6f elementor-section-height-min-height elementor-section-items-top elementor-section-boxed elementor-section-height-default\" data-id=\"30335d6f\" data-element_type=\"section\">\n\t\t\t\t\t\t<div class=\"elementor-container elementor-column-gap-default\">\n\t\t\t\t\t\t\t<div class=\"elementor-row\">\n\t\t\t\t\t<div class=\"elementor-column elementor-col-100 elementor-top-column elementor-element elementor-element-51b47a67\" data-id=\"51b47a67\" data-element_type=\"column\">\n\t\t\t<div class=\"elementor-column-wrap elementor-element-populated\">\n\t\t\t\t\t\t\t<div class=\"elementor-widget-wrap\">\n\t\t\t\t\t\t<div class=\"elementor-element elementor-element-1eaad930 elementor-widget elementor-widget-text-editor\" data-id=\"1eaad930\" data-element_type=\"widget\" data-widget_type=\"text-editor.default\">\n\t\t\t\t<div class=\"elementor-widget-container\">\n\t\t\t\t\t\t\t\t<div class=\"elementor-text-editor elementor-clearfix\">\n\t\t\t\t\t<div class=\"si-list-of-item\"><si-list si-alias=\"brokers\" si-class=\"si standard-layout si-list-of-brokers \" style=\"\"><\/si-list><script type=\"text\/ng-template\" id=\"si-template-for-brokers\"><si-search data-si-alias=\"brokers\" data-si-configs=\"configs\" data-si-dictionary=\"dictionary\" class=\"search-container\"><\/si-search>\r\n    <div class=\"si-list-container display-mode-{{display_mode}}\" si-lazy-load>\r\n        <div class=\"si-list-header\">\r\n<div class=\"list-meta\">\r\n    <div class=\"list-count\" data-ng-bind-html=\"'{0} results found'.translate().format('<em>' + listMeta.item_count + '<\/em>')\"><\/div>\r\n<\/div><div class=\"si-sort-container\" data-ng-show=\"display_mode!='map'\">\r\n    <div class=\"si-dropdown\" data-show-button-icon=\"false\">\r\n        <div class=\"si-dropdown-button\"><i class=\"far fa-sort-amount-down\"><\/i><\/div>\r\n        <div class=\"si-dropdown-panel\">\r\n            <div class=\"si-dropdown-item {{client_sort=='name_asc' ? 'active':''}}\" data-ng-click=\"sortByName(false)\">De A \u00e0 Z<\/div>\r\n            <div class=\"si-dropdown-item {{client_sort=='name_desc' ? 'active':''}}\" data-ng-click=\"sortByName(true)\">De Z \u00e0 A<\/div>\r\n            <div class=\"si-dropdown-item {{client_sort=='listing_count_asc' ? 'active':''}}\" data-ng-click=\"sortByListingCount(true)\">Plus de propri\u00e9t\u00e9s en premier<\/div>\r\n            <div class=\"si-dropdown-item {{client_sort=='listing_count_desc' ? 'active':''}}\" data-ng-click=\"sortByListingCount(false)\">Moins de propri\u00e9t\u00e9s en premier<\/div>\r\n        <\/div>\r\n    <\/div>\r\n<\/div> <\/div>        <div class=\"si-list\" data-ng-show=\"(list &#038;&#038; list.length>0) && display_mode=='list'\" \r\n            style=\"--desktop-column-width:5;--laptop-column-width:3;--tablet-column-width:2;--mobile-column-width:1\"\r\n            data-on-bottom-reached=\"checkNextPage()\">      \r\n            <div data-ng-repeat=\"item in list track by item.id\" class=\"item-{{item.ref_number}}\">\r\n            <article class=\"si-item si-broker-item si-standard-item-layout \r\n         {{getClassList(item)}}\" \r\n        data-ng-cloak\r\n    >\r\n    <a href=\"{{item.permalink}}\">\r\n        <div class=\"item-content si-background\">\r\n            <div class=\"image  si-lazy-loading\"><img data-ng-if=\"item.photo_url\" data-si-src=\"{{item.photo_url}}\" \/><\/div>\r\n            <div class=\"si-data-label si-background-high-contrast fullname notranslate\" ng-show=\"layoutAllowVar('fullname')\">{{item.first_name + ' ' + item.last_name}}<\/div> \r\n            <div class=\"si-data-label si-background-high-contrast first-name notranslate\" ng-show=\"layoutAllowVar('first_name', true)\">{{item.first_name}}<\/div> \r\n            <div class=\"si-data-label si-background-high-contrast last-name notranslate\" ng-show=\"layoutAllowVar('last_name', true)\">{{item.last_name}}<\/div>\r\n            \r\n            \r\n            <div class=\"si-data-label si-background-high-contrast title\" title=\"{{item.license_type.length > 40 ? item.license_type : ''}}\"\r\n                ng-show=\"layoutAllowVar('title', true)\">{{item.license_type}}<\/div>\r\n\r\n            <div class=\"si-data-label office si-background-small-contrast notranslate\" ng-show=\"layoutAllowVar('office')\">{{item.office.name}}<\/div>\r\n            <div class=\"si-data-label phone\" ng-show=\"layoutAllowVar('phone')\">{{item.phones.mobile || item.phones.office}}<\/div>\r\n            <div class=\"si-data-label email\" ng-show=\"layoutAllowVar('email')\">{{item.email}}<\/div>\r\n            <div class=\"si-data-label si-background-small-contrast listing-count\" ng-show=\"layoutAllowVar('listing_count')\">\r\n                {{item.listings_count == 0 ? 'Aucune inscription' : (item.listings_count==1) ? '1 inscription' :'{0} inscriptions'.format(item.listings_count)}}\r\n            <\/div>\r\n        <\/div>\r\n    <\/a>\r\n<\/article>            <\/div>\r\n        <\/div>\r\n\r\n        <label \r\n            ng-show=\"list != null &#038;&#038; list.length == 0\"\r\n            class=\"no-result placeholder\">Il n'y a pas de courtier correspondant \u00e0 vos crit\u00e8res de recherche<\/label>\r\n    \r\n        <div class=\"si-list si-list-of-ghost\" data-ng-show=\"(ghost_list &#038;&#038; ghost_list.length>0) && display_mode=='list'\">      \r\n            <div ng-repeat=\"item in ghost_list\">\r\n            <article class=\"si-item si-broker-item si-standard-item-layout \r\n         {{getClassList(item)}}\" \r\n        data-ng-cloak\r\n    >\r\n    <a href=\"{{item.permalink}}\">\r\n        <div class=\"item-content si-background\">\r\n            <div class=\"image  si-lazy-loading\"><img data-ng-if=\"item.photo_url\" data-si-src=\"{{item.photo_url}}\" \/><\/div>\r\n            <div class=\"si-data-label si-background-high-contrast fullname notranslate\" ng-show=\"layoutAllowVar('fullname')\">{{item.first_name + ' ' + item.last_name}}<\/div> \r\n            <div class=\"si-data-label si-background-high-contrast first-name notranslate\" ng-show=\"layoutAllowVar('first_name', true)\">{{item.first_name}}<\/div> \r\n            <div class=\"si-data-label si-background-high-contrast last-name notranslate\" ng-show=\"layoutAllowVar('last_name', true)\">{{item.last_name}}<\/div>\r\n            \r\n            \r\n            <div class=\"si-data-label si-background-high-contrast title\" title=\"{{item.license_type.length > 40 ? item.license_type : ''}}\"\r\n                ng-show=\"layoutAllowVar('title', true)\">{{item.license_type}}<\/div>\r\n\r\n            <div class=\"si-data-label office si-background-small-contrast notranslate\" ng-show=\"layoutAllowVar('office')\">{{item.office.name}}<\/div>\r\n            <div class=\"si-data-label phone\" ng-show=\"layoutAllowVar('phone')\">{{item.phones.mobile || item.phones.office}}<\/div>\r\n            <div class=\"si-data-label email\" ng-show=\"layoutAllowVar('email')\">{{item.email}}<\/div>\r\n            <div class=\"si-data-label si-background-small-contrast listing-count\" ng-show=\"layoutAllowVar('listing_count')\">\r\n                {{item.listings_count == 0 ? 'Aucune inscription' : (item.listings_count==1) ? '1 inscription' :'{0} inscriptions'.format(item.listings_count)}}\r\n            <\/div>\r\n        <\/div>\r\n    <\/a>\r\n<\/article>            <\/div>\r\n        <\/div>\r\n\r\n        <div class=\"next-page\" data-ng-show=\"page_index>=2 && listMeta.next_token!=null && !is_loading_data\">\r\n            <button type=\"button\" class=\"btn load-next-page\" data-ng-click=\"showNextPage(true)\">Charger plus<\/button>\r\n        <\/div>\r\n        <si-loading data-si-label=\"Loading results\" data-ng-show=\"is_loading_data\"><\/si-loading>\r\n\r\n        <si-map class=\"map-container\" data-ng-show=\"display_mode=='map'\" data-si-alias=\"brokers\"  data-si-configs=\"configs\"><\/si-map>\r\n            <\/div><\/script><script type=\"text\/ng-template\" id=\"si-search-for-brokers\"><div class=\"main-filter-tabs si-tab-count-{{configs.search_engine_options.tabs.length}}\"\r\n        ng-if=\"configs.search_engine_options.tabbed\">\r\n    <div ng-repeat=\"tab in configs.search_engine_options.tabs track by $index\"\r\n            class=\"si-tab {{configs.current_view == tab.view_id ? 'active' : ''}}\"\r\n            ng-click=\"selectView(tab.view_id)\"\r\n            >\r\n            {{tab.caption | translate}}\r\n    <\/div>\r\n\r\n    <div class=\"si-dropdown\" data-show-button-icon=\"false\">\r\n        <div class=\"si-dropdown-button\"><i class=\"far fa-ellipsis-h\"><\/i><\/div>\r\n        <div class=\"si-dropdown-panel\">\r\n            <div class=\"si-dropdown-item {{configs.current_view == tab.view_id ? 'active' : ''}}\" \r\n                    ng-repeat=\"tab in configs.search_engine_options.tabs track by $index\"\r\n                    ng-click=\"selectView(tab.view_id)\">\r\n                    {{tab.caption | translate}}<\/div>\r\n        <\/div>\r\n    <\/div>\r\n    \r\n<\/div>\r\n\r\n<div class=\"inputs {{(!isFieldFiltered('searchbox')) ? 'no-searchbox' : ''}}\" style=\"--input-count: {{getInputCount()}}\">\r\n    <div class=\"search-box\" ng-if=\"isFieldFiltered('searchbox')\" >\r\n        <si-search-box\r\n            alias=\"brokers\" \r\n            placeholder=\"Recherchez par pr\u00e9nom ou nom\"><\/si-search-box>\r\n\r\n    <\/div>\r\n\r\n    <div class=\"si-panel-button si-hover-shade letters {{isExpanded('letters')}} {{filter.hasFilter('letters') ? 'has-filters' : ''}}\"  \r\n        ng-click=\"toggleExpand($event,'letters')\"\r\n        ng-if=\"isFieldFiltered('letters')\"><span>Lettre<\/span> <i class=\"fal fa-angle-down\"><\/i><\/div>\r\n    <div class=\"si-panel-button si-hover-shade offices {{isExpanded('offices')}} {{filter.hasFilter('offices') ? 'has-filters' : ''}}\" \r\n        ng-show=\"officeList.length > 1\"\r\n        ng-if=\"isFieldFiltered('offices')\"\r\n         ng-click=\"toggleExpand($event,'offices')\"><span>Bureaux<\/span> <i class=\"fal fa-angle-down\"><\/i><\/div>\r\n\r\n    <div class=\"si-panel-button si-hover-shade more-button {{isExpanded('others')}} \r\n        {{ filter.hasFilter(getOtherPanelFilterList()) ? 'has-filters' : '' }}\"\r\n        ng-click=\"toggleExpand($event,'others')\"><i class=\"fal fa-ellipsis-h-alt\"><\/i><\/div>\r\n\r\n<\/div>\r\n\r\n<div class=\"search-action\">    \r\n    <button type=\"button\" class=\"reset-button si-button\" data-ng-show=\"filter.hasFilters()\" data-ng-click=\"resetFilters()\" title=\"R\u00e9initialiser\"><i class=\"fal fa-undo\"><\/i><\/button>\r\n    <button type=\"button\" class=\"trigger-button si-button\" data-ng-show=\"result_url != null\" data-ng-click=\"showResultPage()\" title=\"Recherche\"><i class=\"fal fa-search\"><\/i><\/button>\r\n        \r\n\r\n    <div class=\"filter-menu\">\r\n        <div class=\"si-dropdown\" data-show-button-icon=\"false\">\r\n            <div class=\"si-dropdown-button si-element {{filter.hasFilters() ? 'active' : ''}}\"> <span class=\"label\">Filtres<\/span> <i class=\"fal fa-filter\"><b ng-if=\"filter.hasFilters()\">{{filter.count()}}<\/b><\/i><\/div>\r\n            <div class=\"si-dropdown-panel\">\r\n                <div class=\"si-dropdown-item {{filter.hasFilter('letters') ? 'has-filters' : ''}}\" ng-click=\"toggleExpand($event,'letters')\">Lettre<\/div>\r\n                <div class=\"si-dropdown-item {{filter.hasFilter('licenses') ? 'has-filters' : ''}}\" ng-click=\"toggleExpand($event,'licenses')\">Permis<\/div>\r\n                <div class=\"si-dropdown-item {{filter.hasFilter('offices') ? 'has-filters' : ''}}\" ng-click=\"toggleExpand($event,'offices')\">Bureaux<\/div>\r\n            <\/div>\r\n        <\/div>\r\n    <\/div>\r\n<\/div>\r\n\r\n\r\n<!-- LETTERS -->\r\n\r\n<div class=\"filter-panel letters-panel {{isExpanded('letters')}}\">\r\n    <div class=\"filter-panel-header\">\r\n        <h4>Premi\u00e8re lettre du nom<\/h4>\r\n        <button class=\"button\" type=\"button\"  ng-click=\"toggleExpand($event,'letters')\"><i class=\"fal fa-times\"><\/i><\/button>\r\n    <\/div>\r\n    <div class=\"filter-panel-content\">\r\n        <div class=\"filter-list letter-list\">\r\n            <div class=\"letter\" ng-click=\"filter.setLetter(null)\"><i class=\"fas fa-ban\"><\/i><\/div>\r\n            <div class=\"letter {{filter.data.letters.includes(letter) ? 'active' : ''}}\" \r\n                    ng-repeat=\"letter in alphaList\" \r\n                    ng-click=\"filter.setLetter(letter)\">\r\n                <span>{{letter.toUpperCase()}}<\/span>\r\n            <\/div>\r\n        <\/div>\r\n    <\/div>\r\n\r\n    <div class=\"filter-panel-actions\">\r\n        <div class=\"filter-panel-actions\">\r\n    <button class=\"si-button close-panel-button\" type=\"button\" ng-click=\"applyPanelFilters($event,'letters')\"><i class=\"fal fa-check\"><\/i> Appliquer<\/button>\r\n<\/div>    <\/div>\r\n<\/div>\r\n\r\n<!-- LICENSES -->\r\n\r\n<div class=\"filter-panel licenses-panel {{isExpanded('licenses')}}\">\r\n    <div class=\"filter-panel-header\">\r\n        <h3>Licence<\/h3>\r\n        <button class=\"button\" type=\"button\"  ng-click=\"toggleExpand($event,'licenses')\"><i class=\"fal fa-times\"><\/i><\/button>\r\n    <\/div>\r\n\r\n    \r\n    <div class=\"filter-panel-content\">\r\n        <div class=\"filter-list license-list\">    \r\n            <si-checkbox\r\n                    data-ng-repeat=\"(key,item) in dictionary.broker_license_type\"\r\n                    data-ng-model=\"filter.data.licenses\"\r\n                    data-si-change=\"filter.update()\"\r\n                    data-si-value=\"{{key}}\"\r\n                    data-label=\"{{item.caption}}\"\r\n                ><\/si-checkbox>\r\n        <\/div>\r\n    <\/div>\r\n\r\n    \r\n    <div class=\"filter-panel-actions\">\r\n        <div class=\"filter-panel-actions\">\r\n    <button class=\"si-button close-panel-button\" type=\"button\" ng-click=\"applyPanelFilters($event,'licenses')\"><i class=\"fal fa-check\"><\/i> Appliquer<\/button>\r\n<\/div>    <\/div>\r\n<\/div>\r\n\r\n<!-- OFFICES -->\r\n\r\n<div class=\"filter-panel offices-panel {{isExpanded('offices')}}\">\r\n    <div class=\"filter-panel-header\">\r\n        <h4>Bureau<\/h4>\r\n        <button class=\"button\" type=\"button\"  ng-click=\"toggleExpand($event,'offices')\"><i class=\"fal fa-times\"><\/i><\/button>\r\n    <\/div>\r\n    \r\n    <div class=\"filter-panel-content\">\r\n        \r\n        <div class=\"filter-list agency-list\">\r\n            <div class=\"agency-item\" ng-repeat=\"agency in agencyList | orderBy: 'name' track by $index\">\r\n                <label class=\"agency-name\">{{agency.name}}<\/label>\r\n\r\n                <div class=\"filter-list office-list\">\r\n        \r\n                    <si-checkbox\r\n                        data-ng-repeat=\"item in agency.officeList | orderBy: 'name'\"\r\n                        data-si-value=\"{{item.ref_number}}\"\r\n                        data-si-change=\"filter.update()\"\r\n                        data-ng-model=\"filter.data.offices\"\r\n                        data-label=\"{{item.name}}\"\r\n                        ><\/si-checkbox>\r\n                        \r\n                <\/div>\r\n            <\/div>\r\n            \r\n        <\/div>\r\n        \r\n    <\/div>\r\n\r\n    \r\n    <div class=\"filter-panel-actions\">\r\n        <div class=\"filter-panel-actions\">\r\n    <button class=\"si-button close-panel-button\" type=\"button\" ng-click=\"applyPanelFilters($event,'offices')\"><i class=\"fal fa-check\"><\/i> Appliquer<\/button>\r\n<\/div>    <\/div>\r\n<\/div>\r\n<!-- OTHER -->\r\n\r\n<div class=\"filter-panel others-panel {{isExpanded('others')}}\">\r\n    <div class=\"filter-panel-header\">\r\n        <h4>Plus de crit\u00e8res<\/h4>\r\n        <button class=\"button\" type=\"button\"  ng-click=\"toggleExpand($event,'others')\"><i class=\"fal fa-times\"><\/i><\/button>\r\n    <\/div>\r\n    <div class=\"filter-panel-content\">\r\n        <div class=\"si-auto-columns\">\r\n            <div class=\"languages filter-row\" ng-if=\"dictionary.language\">\r\n                <si-input-container>\r\n                        <label>Langue parl\u00e9e<\/label>\r\n                        <si-select class=\"si-input\" si-model=\"filter.data.languages\" si-change=\"filter.update()\">\r\n                            <si-option value=\"\">Peu importe<\/si-option>\r\n                            <si-option ng-repeat=\"(key,item) in dictionary.language\" value=\"{{key}}\">{{item.caption}}<\/si-option>\r\n                        <\/si-select>\r\n                    <\/si-input-container>\r\n            <\/div>\r\n\r\n            <div class=\"licenses filter-row\">\r\n                <si-input-container>\r\n                    <label>Type de permis<\/label>\r\n                    <si-select class=\"si-input\" si-model=\"filter.data.licenses\" si-change=\"filter.update()\">\r\n                        <si-option value=\"\">Peu importe<\/si-option>\r\n                        <si-option ng-repeat=\"(key,item) in dictionary.broker_license_type\" value=\"{{key}}\">{{item.caption}}<\/si-option>\r\n                    <\/si-select>\r\n                <\/si-input-container>\r\n            <\/div>\r\n        <\/div>\r\n    <\/div>\r\n\r\n    <div class=\"filter-panel-actions\">\r\n        <div class=\"filter-panel-actions\">\r\n    <button class=\"si-button close-panel-button\" type=\"button\" ng-click=\"applyPanelFilters($event,'others')\"><i class=\"fal fa-check\"><\/i> Appliquer<\/button>\r\n<\/div>    <\/div>\r\n<\/div><\/script><\/div>\t\t\t\t\t<\/div>\n\t\t\t\t\t\t<\/div>\n\t\t\t\t<\/div>\n\t\t\t\t\t\t<\/div>\n\t\t\t\t\t<\/div>\n\t\t<\/div>\n\t\t\t\t\t\t\t\t<\/div>\n\t\t\t\t\t<\/div>\n\t\t<\/section>\n\t\t\t\t\t\t<\/div>\n\t\t\t\t\t\t<\/div>\n\t\t\t\t\t<\/div>\n\t\t","protected":false},"excerpt":{"rendered":"<p>Le bon courtier \u00e0 vos c\u00f4t\u00e9s<\/p>\n","protected":false},"author":1,"featured_media":0,"parent":0,"menu_order":0,"comment_status":"closed","ping_status":"closed","template":"elementor_header_footer","meta":[],"yoast_head":"<!-- This site is optimized with the Yoast SEO plugin v16.6 - https:\/\/yoast.com\/wordpress\/plugins\/seo\/ -->\n<title>Notre \u00e9quipe - Century 21 Vision<\/title>\n<meta name=\"robots\" content=\"index, follow, max-snippet:-1, max-image-preview:large, max-video-preview:-1\" \/>\n<link rel=\"canonical\" href=\"https:\/\/vision.c21.ca\/fr\/notre-equipe\/\" \/>\n<meta property=\"og:locale\" content=\"fr_FR\" \/>\n<meta property=\"og:type\" content=\"article\" \/>\n<meta property=\"og:title\" content=\"Notre \u00e9quipe - Century 21 Vision\" \/>\n<meta property=\"og:description\" content=\"Le bon courtier \u00e0 vos c\u00f4t\u00e9s\" \/>\n<meta property=\"og:url\" content=\"https:\/\/vision.c21.ca\/fr\/notre-equipe\/\" \/>\n<meta property=\"og:site_name\" content=\"Century 21 Vision\" \/>\n<meta property=\"article:modified_time\" content=\"2020-07-29T14:04:23+00:00\" \/>\n<meta name=\"twitter:card\" content=\"summary_large_image\" \/>\n<script type=\"application\/ld+json\" class=\"yoast-schema-graph\">{\"@context\":\"https:\/\/schema.org\",\"@graph\":[{\"@type\":\"WebSite\",\"@id\":\"https:\/\/vision.c21.ca\/#website\",\"url\":\"https:\/\/vision.c21.ca\/\",\"name\":\"Century 21 Vision\",\"description\":\"\",\"potentialAction\":[{\"@type\":\"SearchAction\",\"target\":{\"@type\":\"EntryPoint\",\"urlTemplate\":\"https:\/\/vision.c21.ca\/?s={search_term_string}\"},\"query-input\":\"required name=search_term_string\"}],\"inLanguage\":\"fr-FR\"},{\"@type\":\"WebPage\",\"@id\":\"https:\/\/vision.c21.ca\/fr\/notre-equipe\/#webpage\",\"url\":\"https:\/\/vision.c21.ca\/fr\/notre-equipe\/\",\"name\":\"Notre \\u00e9quipe - Century 21 Vision\",\"isPartOf\":{\"@id\":\"https:\/\/vision.c21.ca\/#website\"},\"datePublished\":\"2020-06-10T10:43:33+00:00\",\"dateModified\":\"2020-07-29T14:04:23+00:00\",\"breadcrumb\":{\"@id\":\"https:\/\/vision.c21.ca\/fr\/notre-equipe\/#breadcrumb\"},\"inLanguage\":\"fr-FR\",\"potentialAction\":[{\"@type\":\"ReadAction\",\"target\":[\"https:\/\/vision.c21.ca\/fr\/notre-equipe\/\"]}]},{\"@type\":\"BreadcrumbList\",\"@id\":\"https:\/\/vision.c21.ca\/fr\/notre-equipe\/#breadcrumb\",\"itemListElement\":[{\"@type\":\"ListItem\",\"position\":1,\"name\":\"Home\",\"item\":\"https:\/\/vision.c21.ca\/fr\/\"},{\"@type\":\"ListItem\",\"position\":2,\"name\":\"Notre \\u00e9quipe\"}]}]}<\/script>\n<!-- \/ Yoast SEO plugin. -->","_links":{"self":[{"href":"https:\/\/vision.c21.ca\/fr\/wp-json\/wp\/v2\/pages\/1039"}],"collection":[{"href":"https:\/\/vision.c21.ca\/fr\/wp-json\/wp\/v2\/pages"}],"about":[{"href":"https:\/\/vision.c21.ca\/fr\/wp-json\/wp\/v2\/types\/page"}],"author":[{"embeddable":true,"href":"https:\/\/vision.c21.ca\/fr\/wp-json\/wp\/v2\/users\/1"}],"replies":[{"embeddable":true,"href":"https:\/\/vision.c21.ca\/fr\/wp-json\/wp\/v2\/comments?post=1039"}],"version-history":[{"count":2,"href":"https:\/\/vision.c21.ca\/fr\/wp-json\/wp\/v2\/pages\/1039\/revisions"}],"predecessor-version":[{"id":1522,"href":"https:\/\/vision.c21.ca\/fr\/wp-json\/wp\/v2\/pages\/1039\/revisions\/1522"}],"wp:attachment":[{"href":"https:\/\/vision.c21.ca\/fr\/wp-json\/wp\/v2\/media?parent=1039"}],"curies":[{"name":"wp","href":"https:\/\/api.w.org\/{rel}","templated":true}]}}